{"id":724,"date":"2010-09-15T05:33:46","date_gmt":"2010-09-15T03:33:46","guid":{"rendered":"http:\/\/elegantthemes.com\/preview\/DeepFocus\/?page_id=2"},"modified":"2018-05-16T21:55:43","modified_gmt":"2018-05-16T19:55:43","slug":"about","status":"publish","type":"page","link":"https:\/\/wen-official.com\/en\/about\/","title":{"rendered":"\u00ab La voix est l\u2019interpr\u00e8te de l\u2019\u00e2me et du c\u0153ur. Mise \u00e0 nue elle est capable de toucher, rassembler et diffuser des \u00e9motions fortes et uniques \u00bb."},"content":{"rendered":"<p style=\"font-weight: 400;\">Wen est une chanteuse auteur-compositeur et interpr\u00e8te genevoise.<br \/>\nOriginaire de l\u2019\u00eele Maurice, elle grandit dans un environnement musical multiculturel.<\/p>\n<p style=\"font-weight: 400;\">A quatorze ans, elle int\u00e8gre une chorale de gospel et fait ses premiers pas sur sc\u00e8ne. Elle y c\u00f4toie ainsi des chanteurs, des choristes-musiciens et des ing\u00e9nieurs du son de tout horizon. Ses nombreuses prestations publiques et ses diverses rencontres artistiques lui permettent d\u2019\u00e9largir sa palette musicale.<\/p>\n<p style=\"font-weight: 400;\">En 2001, en collaboration avec Phil,\u00a0son mari et partenaire de sc\u00e8ne,\u00a0elle \u00e9crit et interpr\u00e8te ses propres compositions. L\u2019univers du duo acoustique \u00ab\u00a0Wen &amp; Phil\u00a0\u00bb voit alors le jour.<\/p>\n<p style=\"font-weight: 400;\">Ensemble, ils \u00e9voluent sur diverses sc\u00e8nes. Unique, le couple s\u00e9duit tant par la pratique de l\u2019improvisation que par le partage des \u00e9motions fortes et intimes qu\u2019ils communiquent avec le public.<\/p>\n<p style=\"font-weight: 400;\">En 2014, Wen renforce ses connaissances aupr\u00e8s d\u2019Esther Lis et de Beker Martins, des coaches vocaux au sein de la School of Vocal Art \u00e0 Gen\u00e8ve (SOVA). Durant trois ans, elle y d\u00e9veloppe ses acquis techniques et \u00e9pure sa signature vocale. Elle obtient son dipl\u00f4me final en 2017.<\/p>\n<p style=\"font-weight: 400;\">Habitu\u00e9e \u00e0 la diversit\u00e9 des styles, Wen h\u00e9rite aujourd\u2019hui d\u2019une influence musicale mixte. Elle rebondit sur les techniques de gospel, de folk, de blues et de jazz pour interpr\u00e9ter des r\u00e9pertoires connus. Elle pratique la jam, l\u2019improvisation et travaille avec diff\u00e9rents artistes. Ses orientations musicales sont aussi bien francophones, anglophones qu\u2019africaines ou encore h\u00e9bra\u00efques. Sa musique et ses compositions sont pleinement teint\u00e9es par le m\u00e9lange de ses influences.<\/p>\n<p style=\"font-weight: 400;\">Constamment en qu\u00eate de nouvelles opportunit\u00e9s, l\u2019artiste genevoise tient \u00e0 cultiver son \u00ab\u00a0esprit libre et nomade\u00bb afin de conserver l\u2019empreinte authentique et riche en originalit\u00e9 qu\u2019elle partage dans sa musique. Wen est convaincue que \u00ab\u00a0<em>la voix est l\u2019interpr\u00e8te de l\u2019\u00e2me et du c\u0153ur. Mise \u00e0 nue elle est capable de toucher, rassembler et diffuser des \u00e9motions fortes et uniques<\/em> \u00bb.<\/p>","protected":false},"excerpt":{"rendered":"<p>Wen est une chanteuse auteur-compositeur et interpr\u00e8te genevoise. Originaire de l\u2019\u00eele Maurice, elle grandit dans un environnement musical multiculturel. A quatorze ans, elle int\u00e8gre une chorale de gospel et fait ses premiers pas sur sc\u00e8ne. Elle y c\u00f4toie ainsi des chanteurs, des choristes-musiciens et des ing\u00e9nieurs du son de tout [&hellip;]<\/p>\n","protected":false},"author":1,"featured_media":883,"parent":0,"menu_order":0,"comment_status":"closed","ping_status":"closed","template":"","meta":{"_et_pb_use_builder":"","_et_pb_old_content":"","_et_gb_content_width":"","two_page_speed":[]},"yoast_head":"<!-- This site is optimized with the Yoast SEO plugin v20.11 - https:\/\/yoast.com\/wordpress\/plugins\/seo\/ -->\n<title>\u00ab La voix est l\u2019interpr\u00e8te de l\u2019\u00e2me et du c\u0153ur. Mise \u00e0 nue elle est capable de toucher, rassembler et diffuser des \u00e9motions fortes et uniques \u00bb. - Wen-Official<\/title>\n<meta name=\"robots\" content=\"index, follow, max-snippet:-1, max-image-preview:large, max-video-preview:-1\" \/>\n<link rel=\"canonical\" href=\"https:\/\/wen-official.com\/en\/about\/\" \/>\n<meta property=\"og:locale\" content=\"en_US\" \/>\n<meta property=\"og:type\" content=\"article\" \/>\n<meta property=\"og:title\" content=\"\u00ab La voix est l\u2019interpr\u00e8te de l\u2019\u00e2me et du c\u0153ur. Mise \u00e0 nue elle est capable de toucher, rassembler et diffuser des \u00e9motions fortes et uniques \u00bb. - Wen-Official\" \/>\n<meta property=\"og:description\" content=\"Wen est une chanteuse auteur-compositeur et interpr\u00e8te genevoise. Originaire de l\u2019\u00eele Maurice, elle grandit dans un environnement musical multiculturel. A quatorze ans, elle int\u00e8gre une chorale de gospel et fait ses premiers pas sur sc\u00e8ne. Elle y c\u00f4toie ainsi des chanteurs, des choristes-musiciens et des ing\u00e9nieurs du son de tout [&hellip;]\" \/>\n<meta property=\"og:url\" content=\"https:\/\/wen-official.com\/en\/about\/\" \/>\n<meta property=\"og:site_name\" content=\"Wen-Official\" \/>\n<meta property=\"article:modified_time\" content=\"2018-05-16T19:55:43+00:00\" \/>\n<meta property=\"og:image\" content=\"https:\/\/wen-official.com\/wp-content\/uploads\/2018\/05\/20160907_185744-e1552838988806.jpg\" \/>\n\t<meta property=\"og:image:width\" content=\"1400\" \/>\n\t<meta property=\"og:image:height\" content=\"788\" \/>\n\t<meta property=\"og:image:type\" content=\"image\/jpeg\" \/>\n<meta name=\"twitter:card\" content=\"summary_large_image\" \/>\n<meta name=\"twitter:label1\" content=\"Est. reading time\" \/>\n\t<meta name=\"twitter:data1\" content=\"2 minutes\" \/>\n<script type=\"application\/ld+json\" class=\"yoast-schema-graph\">{\"@context\":\"https:\/\/schema.org\",\"@graph\":[{\"@type\":\"WebPage\",\"@id\":\"https:\/\/wen-official.com\/en\/about\/\",\"url\":\"https:\/\/wen-official.com\/en\/about\/\",\"name\":\"\u00ab La voix est l\u2019interpr\u00e8te de l\u2019\u00e2me et du c\u0153ur. Mise \u00e0 nue elle est capable de toucher, rassembler et diffuser des \u00e9motions fortes et uniques \u00bb. - Wen-Official\",\"isPartOf\":{\"@id\":\"https:\/\/wen-official.com\/#website\"},\"datePublished\":\"2010-09-15T03:33:46+00:00\",\"dateModified\":\"2018-05-16T19:55:43+00:00\",\"breadcrumb\":{\"@id\":\"https:\/\/wen-official.com\/en\/about\/#breadcrumb\"},\"inLanguage\":\"en-US\",\"potentialAction\":[{\"@type\":\"ReadAction\",\"target\":[\"https:\/\/wen-official.com\/en\/about\/\"]}]},{\"@type\":\"BreadcrumbList\",\"@id\":\"https:\/\/wen-official.com\/en\/about\/#breadcrumb\",\"itemListElement\":[{\"@type\":\"ListItem\",\"position\":1,\"name\":\"Accueil\",\"item\":\"https:\/\/wen-official.com\/\"},{\"@type\":\"ListItem\",\"position\":2,\"name\":\"\u00ab La voix est l\u2019interpr\u00e8te de l\u2019\u00e2me et du c\u0153ur. Mise \u00e0 nue elle est capable de toucher, rassembler et diffuser des \u00e9motions fortes et uniques \u00bb.\"}]},{\"@type\":\"WebSite\",\"@id\":\"https:\/\/wen-official.com\/#website\",\"url\":\"https:\/\/wen-official.com\/\",\"name\":\"Wen-Official\",\"description\":\"\",\"publisher\":{\"@id\":\"https:\/\/wen-official.com\/#organization\"},\"potentialAction\":[{\"@type\":\"SearchAction\",\"target\":{\"@type\":\"EntryPoint\",\"urlTemplate\":\"https:\/\/wen-official.com\/?s={search_term_string}\"},\"query-input\":\"required name=search_term_string\"}],\"inLanguage\":\"en-US\"},{\"@type\":\"Organization\",\"@id\":\"https:\/\/wen-official.com\/#organization\",\"name\":\"Wen-Official\",\"url\":\"https:\/\/wen-official.com\/\",\"logo\":{\"@type\":\"ImageObject\",\"inLanguage\":\"en-US\",\"@id\":\"https:\/\/wen-official.com\/#\/schema\/logo\/image\/\",\"url\":\"https:\/\/wen-official.com\/wp-content\/uploads\/2018\/05\/cropped-Wen_logoSite.png\",\"contentUrl\":\"https:\/\/wen-official.com\/wp-content\/uploads\/2018\/05\/cropped-Wen_logoSite.png\",\"width\":1086,\"height\":426,\"caption\":\"Wen-Official\"},\"image\":{\"@id\":\"https:\/\/wen-official.com\/#\/schema\/logo\/image\/\"}}]}<\/script>\n<!-- \/ Yoast SEO plugin. -->","yoast_head_json":{"title":"\u00ab La voix est l\u2019interpr\u00e8te de l\u2019\u00e2me et du c\u0153ur. Mise \u00e0 nue elle est capable de toucher, rassembler et diffuser des \u00e9motions fortes et uniques \u00bb. - Wen-Official","robots":{"index":"index","follow":"follow","max-snippet":"max-snippet:-1","max-image-preview":"max-image-preview:large","max-video-preview":"max-video-preview:-1"},"canonical":"https:\/\/wen-official.com\/en\/about\/","og_locale":"en_US","og_type":"article","og_title":"\u00ab La voix est l\u2019interpr\u00e8te de l\u2019\u00e2me et du c\u0153ur. Mise \u00e0 nue elle est capable de toucher, rassembler et diffuser des \u00e9motions fortes et uniques \u00bb. - Wen-Official","og_description":"Wen est une chanteuse auteur-compositeur et interpr\u00e8te genevoise. Originaire de l\u2019\u00eele Maurice, elle grandit dans un environnement musical multiculturel. A quatorze ans, elle int\u00e8gre une chorale de gospel et fait ses premiers pas sur sc\u00e8ne. Elle y c\u00f4toie ainsi des chanteurs, des choristes-musiciens et des ing\u00e9nieurs du son de tout [&hellip;]","og_url":"https:\/\/wen-official.com\/en\/about\/","og_site_name":"Wen-Official","article_modified_time":"2018-05-16T19:55:43+00:00","og_image":[{"width":1400,"height":788,"url":"https:\/\/wen-official.com\/wp-content\/uploads\/2018\/05\/20160907_185744-e1552838988806.jpg","type":"image\/jpeg"}],"twitter_card":"summary_large_image","twitter_misc":{"Est. reading time":"2 minutes"},"schema":{"@context":"https:\/\/schema.org","@graph":[{"@type":"WebPage","@id":"https:\/\/wen-official.com\/en\/about\/","url":"https:\/\/wen-official.com\/en\/about\/","name":"\u00ab La voix est l\u2019interpr\u00e8te de l\u2019\u00e2me et du c\u0153ur. Mise \u00e0 nue elle est capable de toucher, rassembler et diffuser des \u00e9motions fortes et uniques \u00bb. - Wen-Official","isPartOf":{"@id":"https:\/\/wen-official.com\/#website"},"datePublished":"2010-09-15T03:33:46+00:00","dateModified":"2018-05-16T19:55:43+00:00","breadcrumb":{"@id":"https:\/\/wen-official.com\/en\/about\/#breadcrumb"},"inLanguage":"en-US","potentialAction":[{"@type":"ReadAction","target":["https:\/\/wen-official.com\/en\/about\/"]}]},{"@type":"BreadcrumbList","@id":"https:\/\/wen-official.com\/en\/about\/#breadcrumb","itemListElement":[{"@type":"ListItem","position":1,"name":"Accueil","item":"https:\/\/wen-official.com\/"},{"@type":"ListItem","position":2,"name":"\u00ab La voix est l\u2019interpr\u00e8te de l\u2019\u00e2me et du c\u0153ur. Mise \u00e0 nue elle est capable de toucher, rassembler et diffuser des \u00e9motions fortes et uniques \u00bb."}]},{"@type":"WebSite","@id":"https:\/\/wen-official.com\/#website","url":"https:\/\/wen-official.com\/","name":"Wen-Official","description":"","publisher":{"@id":"https:\/\/wen-official.com\/#organization"},"potentialAction":[{"@type":"SearchAction","target":{"@type":"EntryPoint","urlTemplate":"https:\/\/wen-official.com\/?s={search_term_string}"},"query-input":"required name=search_term_string"}],"inLanguage":"en-US"},{"@type":"Organization","@id":"https:\/\/wen-official.com\/#organization","name":"Wen-Official","url":"https:\/\/wen-official.com\/","logo":{"@type":"ImageObject","inLanguage":"en-US","@id":"https:\/\/wen-official.com\/#\/schema\/logo\/image\/","url":"https:\/\/wen-official.com\/wp-content\/uploads\/2018\/05\/cropped-Wen_logoSite.png","contentUrl":"https:\/\/wen-official.com\/wp-content\/uploads\/2018\/05\/cropped-Wen_logoSite.png","width":1086,"height":426,"caption":"Wen-Official"},"image":{"@id":"https:\/\/wen-official.com\/#\/schema\/logo\/image\/"}}]}},"jetpack_sharing_enabled":true,"jetpack_shortlink":"https:\/\/wp.me\/P9UXVI-bG","_links":{"self":[{"href":"https:\/\/wen-official.com\/en\/wp-json\/wp\/v2\/pages\/724"}],"collection":[{"href":"https:\/\/wen-official.com\/en\/wp-json\/wp\/v2\/pages"}],"about":[{"href":"https:\/\/wen-official.com\/en\/wp-json\/wp\/v2\/types\/page"}],"author":[{"embeddable":true,"href":"https:\/\/wen-official.com\/en\/wp-json\/wp\/v2\/users\/1"}],"replies":[{"embeddable":true,"href":"https:\/\/wen-official.com\/en\/wp-json\/wp\/v2\/comments?post=724"}],"version-history":[{"count":10,"href":"https:\/\/wen-official.com\/en\/wp-json\/wp\/v2\/pages\/724\/revisions"}],"predecessor-version":[{"id":884,"href":"https:\/\/wen-official.com\/en\/wp-json\/wp\/v2\/pages\/724\/revisions\/884"}],"wp:featuredmedia":[{"embeddable":true,"href":"https:\/\/wen-official.com\/en\/wp-json\/wp\/v2\/media\/883"}],"wp:attachment":[{"href":"https:\/\/wen-official.com\/en\/wp-json\/wp\/v2\/media?parent=724"}],"curies":[{"name":"wp","href":"https:\/\/api.w.org\/{rel}","templated":true}]}}